{"id":72,"date":"2023-01-14T08:25:35","date_gmt":"2023-01-14T08:25:35","guid":{"rendered":"https:\/\/www.escaut.nl\/?page_id=72"},"modified":"2025-10-16T14:15:07","modified_gmt":"2025-10-16T12:15:07","slug":"online-guides","status":"publish","type":"page","link":"https:\/\/www.escaut.nl\/index.php\/online-guides\/","title":{"rendered":"Online Guides"},"content":{"rendered":"\n<div class=\"wp-block-group\"><div class=\"wp-block-group__inner-container is-layout-flow wp-block-group-is-layout-flow\">\n<h2 class=\"wp-block-heading\">World <img loading=\"lazy\" decoding=\"async\" width=\"25\" height=\"13\" class=\"wp-image-297\" style=\"width: 25px;\" src=\"https:\/\/www.escaut.nl\/wp-content\/uploads\/2023\/01\/World.webp\" alt=\"\"><\/h2>\n<\/div><\/div>\n\n\n\n<ul class=\"wp-block-list\">\n<li class=\"has-medium-font-size\"><a href=\"http:\/\/www.noonsite.com\/\">Noonsite.com<\/a><\/li>\n<\/ul>\n\n\n\n<ul class=\"wp-block-list\">\n<li class=\"has-medium-font-size\"><a href=\"http:\/\/worldcanals.org\/\">World Canals<\/a><\/li>\n<\/ul>\n\n\n\n<ul class=\"wp-block-list\">\n<li class=\"has-medium-font-size\"><a href=\"https:\/\/www.wrecksite.eu\/\" title=\"\">Wrecksite.eu<\/a><\/li>\n<\/ul>\n\n\n\n<div style=\"height:50px\" aria-hidden=\"true\" class=\"wp-block-spacer\"><\/div>\n\n\n\n<h2 class=\"wp-block-heading\">Channel Islands<\/h2>\n\n\n\n<ul class=\"wp-block-list\">\n<li class=\"has-medium-font-size\"><a href=\"https:\/\/www.digimap.gg\/\" target=\"_blank\" rel=\"noopener\" title=\"\">digimap Guernsey<\/a><\/li>\n<\/ul>\n\n\n\n<ul class=\"wp-block-list\">\n<li class=\"has-medium-font-size\"><a href=\"https:\/\/www.digimap.je\/\" title=\"\">digimap Jersey<\/a><\/li>\n<\/ul>\n\n\n\n<div style=\"height:50px\" aria-hidden=\"true\" class=\"wp-block-spacer\"><\/div>\n\n\n\n<h2 class=\"wp-block-heading\">Danmark <img loading=\"lazy\" decoding=\"async\" width=\"16\" height=\"13\" class=\"wp-image-20\" style=\"width: 16px;\" src=\"https:\/\/www.escaut.nl\/wp-content\/uploads\/2023\/01\/Denmark.webp\" alt=\"\"><\/h2>\n\n\n\n<ul class=\"wp-block-list\">\n<li class=\"has-medium-font-size\"><a href=\"http:\/\/www.sejlnet.dk\/\">Sejlnet.dk<\/a><\/li>\n<\/ul>\n\n\n\n<ul class=\"wp-block-list\">\n<li class=\"has-medium-font-size\"><a href=\"https:\/\/www.havneguide.dk\" title=\"\">Havneguide.dk<\/a><\/li>\n<\/ul>\n\n\n\n<ul class=\"wp-block-list\">\n<li class=\"has-medium-font-size\">Marinaguide.dk<\/li>\n<\/ul>\n\n\n\n<ul class=\"wp-block-list\">\n<li class=\"has-medium-font-size\"><a href=\"https:\/\/app.fcoo.dk\/ifm-maps-beta\/select\/index.html?lang=en\" title=\"\">Forsvarets Center for Operativ Oceanografi (FCOO)<\/a><\/li>\n<\/ul>\n\n\n\n<ul class=\"wp-block-list\">\n<li class=\"has-medium-font-size\">Link to &#8220;<a href=\"https:\/\/www.soefartsstyrelsen.dk\/publikationer-og-vejledninger\/publikationer\" title=\"\">Navigation Through Danish Waters<\/a>&#8220;<\/li>\n<\/ul>\n\n\n\n<ul class=\"wp-block-list\">\n<li class=\"has-medium-font-size\"><a href=\"https:\/\/www.dsrs.dk\/\" title=\"\">Dansk S\u00f8redningsselskab<\/a><\/li>\n<\/ul>\n\n\n\n<div style=\"height:50px\" aria-hidden=\"true\" class=\"wp-block-spacer\"><\/div>\n\n\n\n<h2 class=\"wp-block-heading\">Deutschland <img loading=\"lazy\" decoding=\"async\" width=\"20\" height=\"12\" class=\"wp-image-24\" style=\"width: 20px;\" src=\"https:\/\/www.escaut.nl\/wp-content\/uploads\/2023\/01\/Germany.webp\" alt=\"\"><\/h2>\n\n\n\n<ul class=\"wp-block-list\">\n<li class=\"has-medium-font-size\"><a href=\"https:\/\/www.gdws.wsv.bund.de\/\">Wasserstra\u00dfen- und Schifffahrtsverwaltung des Bundes<\/a><\/li>\n<\/ul>\n\n\n\n<ul class=\"wp-block-list\">\n<li class=\"has-medium-font-size\"><a href=\"https:\/\/www.wsa-nord-ostsee-kanal.wsv.de\/Webs\/WSA\/WSA-Nord-Ostsee-Kanal\/DE\/0_Startseite\/startseite_node.html\" title=\"\">Wasserstra\u00dfen- und Schifffahrtsamt Nord-Ostsee-Kanal<\/a>\n<ul class=\"wp-block-list\">\n<li class=\"has-medium-font-size\"><a href=\"https:\/\/www.wsv-webshop.de\" title=\"\">Tickets<\/a><\/li>\n<\/ul>\n<\/li>\n<\/ul>\n\n\n\n<ul class=\"wp-block-list\">\n<li class=\"has-medium-font-size\"><a href=\"http:\/\/www.wattenschipper.de\/\" title=\"\">Wattenschipper.de<\/a><\/li>\n<\/ul>\n\n\n\n<ul class=\"wp-block-list\">\n<li class=\"has-medium-font-size\"><a href=\"http:\/\/www.wattsegler.de\/\">Wattsegler.de<\/a><\/li>\n<\/ul>\n\n\n\n<div style=\"height:50px\" aria-hidden=\"true\" class=\"wp-block-spacer\"><\/div>\n\n\n\n<h2 class=\"wp-block-heading\"> Espa\u00f1a <img loading=\"lazy\" decoding=\"async\" width=\"18\" height=\"12\" class=\"wp-image-31\" style=\"width: 18px;\" src=\"https:\/\/www.escaut.nl\/wp-content\/uploads\/2023\/01\/Spain.webp\" alt=\"\"><\/h2>\n\n\n\n<ul class=\"wp-block-list\">\n<li class=\"has-medium-font-size\"><a title=\"\" href=\"https:\/\/puertoscanarios.es\/\">Puertoscanarios.es<\/a><\/li>\n<\/ul>\n\n\n\n<div style=\"height:50px\" aria-hidden=\"true\" class=\"wp-block-spacer\"><\/div>\n\n\n\n<h2 class=\"wp-block-heading\">Estonia <img loading=\"lazy\" decoding=\"async\" width=\"19\" height=\"12\" class=\"wp-image-21\" style=\"width: 19px;\" src=\"https:\/\/www.escaut.nl\/wp-content\/uploads\/2023\/01\/Estonia.webp\" alt=\"\"><\/h2>\n\n\n\n<ul class=\"wp-block-list\">\n<li class=\"has-medium-font-size\">East Baltic Coast<\/li>\n<\/ul>\n\n\n\n<div style=\"height:50px\" aria-hidden=\"true\" class=\"wp-block-spacer\"><\/div>\n\n\n\n<h2 class=\"wp-block-heading\">Faer\u00f6er <img loading=\"lazy\" decoding=\"async\" width=\"17\" height=\"13\" class=\"wp-image-293\" style=\"width: 17px;\" src=\"https:\/\/www.escaut.nl\/wp-content\/uploads\/2023\/01\/Faeroer.webp\" alt=\"\"><\/h2>\n\n\n\n<ul class=\"wp-block-list\">\n<li class=\"has-medium-font-size\"><a href=\"https:\/\/portoffuglafjordur.com\/\">Port of Fuglafj\u00f8r\u00f0ur<\/a><\/li>\n<\/ul>\n\n\n\n<ul class=\"wp-block-list\">\n<li class=\"has-medium-font-size\"><a href=\"http:\/\/www.portofklaksvik.com\/\">Port of Klasvik<\/a><\/li>\n<\/ul>\n\n\n\n<ul class=\"wp-block-list\">\n<li class=\"has-medium-font-size\"><a href=\"https:\/\/www.portoftorshavn.com\/\">Port of Torshavn<\/a><\/li>\n<\/ul>\n\n\n\n<div style=\"height:50px\" aria-hidden=\"true\" class=\"wp-block-spacer\"><\/div>\n\n\n\n<h2 class=\"wp-block-heading\">France <img loading=\"lazy\" decoding=\"async\" width=\"18\" height=\"12\" class=\"wp-image-23\" style=\"width: 18px;\" src=\"https:\/\/www.escaut.nl\/wp-content\/uploads\/2023\/01\/France.webp\" alt=\"\"><\/h2>\n\n\n\n<ul class=\"wp-block-list\">\n<li class=\"has-medium-font-size\"><a href=\"http:\/\/figaronautisme.meteoconsult.fr\/actualites-nautisme\/l-actualite-nautisme-au-quotidien.php\">Figaro Nautisme<\/a><\/li>\n<\/ul>\n\n\n\n<div style=\"height:50px\" aria-hidden=\"true\" class=\"wp-block-spacer\"><\/div>\n\n\n\n<h2 class=\"wp-block-heading\">Great Britain <img loading=\"lazy\" decoding=\"async\" width=\"25\" height=\"13\" class=\"wp-image-33\" style=\"width: 25px;\" src=\"https:\/\/www.escaut.nl\/wp-content\/uploads\/2023\/01\/United_Kingdom.webp\" alt=\"\"><\/h2>\n\n\n\n<ul class=\"wp-block-list\">\n<li class=\"has-medium-font-size\"><a href=\"http:\/\/www.debenestuarypilot.co.uk\/index.html\">Deben Estuary Pilot<\/a><\/li>\n<\/ul>\n\n\n\n<ul class=\"wp-block-list\">\n<li class=\"has-medium-font-size\"><a href=\"http:\/\/www.eastcoastpilot.com\/\">EastCoastPilot<\/a><\/li>\n<\/ul>\n\n\n\n<ul class=\"wp-block-list\">\n<li class=\"has-medium-font-size\"><a href=\"http:\/\/www.harbourguides.com\/\">HarbourGuides<\/a><\/li>\n<\/ul>\n\n\n\n<ul class=\"wp-block-list\">\n<li class=\"has-medium-font-size\"><a href=\"https:\/\/www.gov.uk\/government\/organisations\/hm-revenue-customs\/contact\/national-yachtline\">National Yachtline<\/a><\/li>\n<\/ul>\n\n\n\n<ul class=\"wp-block-list\">\n<li class=\"has-medium-font-size\"><a href=\"https:\/\/www.gov.uk\/government\/publications\/notice-8-sailing-your-pleasure-craft-to-and-from-the-uk\">Notice 8: sailing your pleasure craft to and from the UK<\/a><\/li>\n<\/ul>\n\n\n\n<ul class=\"wp-block-list\">\n<li class=\"has-medium-font-size\"><a href=\"http:\/\/www.scottishcanals.co.uk\/\">Scottish Canals<\/a><\/li>\n<\/ul>\n\n\n\n<ul class=\"wp-block-list\">\n<li class=\"has-medium-font-size\"><a href=\"http:\/\/www.tidetimes.org.uk\/\">TideTimes<\/a> (7 days)<\/li>\n<\/ul>\n\n\n\n<ul class=\"wp-block-list\">\n<li class=\"has-medium-font-size\"><a href=\"http:\/\/www.visitmyharbour.com\/\">VisitMyHarbour<\/a><\/li>\n<\/ul>\n\n\n\n<div style=\"height:25px\" aria-hidden=\"true\" class=\"wp-block-spacer\"><\/div>\n\n\n\n<ul class=\"wp-block-list\">\n<li class=\"has-medium-font-size\"><a href=\"https:\/\/www.gov.uk\/government\/organisations\/hm-revenue-customs\/contact\/national-yachtline\">National Yachtline<\/a><\/li>\n<\/ul>\n\n\n\n<div style=\"height:50px\" aria-hidden=\"true\" class=\"wp-block-spacer\"><\/div>\n\n\n\n<h2 class=\"wp-block-heading\">Ireland <img loading=\"lazy\" decoding=\"async\" width=\"25\" height=\"13\" class=\"wp-image-26\" style=\"width: 25px;\" src=\"https:\/\/www.escaut.nl\/wp-content\/uploads\/2023\/01\/Ireland.webp\" alt=\"\"><\/h2>\n\n\n\n<ul class=\"wp-block-list\">\n<li class=\"has-medium-font-size\"><a href=\"http:\/\/www.waterwaysireland.org\/\">Waterways Ireland<\/a><\/li>\n<\/ul>\n\n\n\n<div style=\"height:50px\" aria-hidden=\"true\" class=\"wp-block-spacer\"><\/div>\n\n\n\n<h2 class=\"wp-block-heading\">Latvia <img loading=\"lazy\" decoding=\"async\" width=\"21\" height=\"13\" class=\"wp-image-294\" style=\"width: 21px;\" src=\"https:\/\/www.escaut.nl\/wp-content\/uploads\/2023\/01\/Latvia.webp\" alt=\"\"><\/h2>\n\n\n\n<ul class=\"wp-block-list\">\n<li class=\"has-medium-font-size\"><a href=\"https:\/\/www.eastbaltic.eu\/\">East Baltic Coast<\/a><\/li>\n<\/ul>\n\n\n\n<div style=\"height:50px\" aria-hidden=\"true\" class=\"wp-block-spacer\"><\/div>\n\n\n\n<h2 class=\"wp-block-heading\">Nederland <img loading=\"lazy\" decoding=\"async\" width=\"18\" height=\"12\" class=\"wp-image-28\" style=\"width: 18px;\" src=\"https:\/\/www.escaut.nl\/wp-content\/uploads\/2023\/01\/Netherlands.webp\" alt=\"\"><\/h2>\n\n\n\n<ul class=\"wp-block-list\">\n<li class=\"has-medium-font-size\"><a href=\"https:\/\/varendoejesamen.nl\/recreanten\/staande-mast-route\" title=\"\">Staandemastroute<\/a><\/li>\n<\/ul>\n\n\n\n<ul class=\"wp-block-list\">\n<li class=\"has-medium-font-size\"><a href=\"http:\/\/www.varendoejesamen.nl\/\">Varen doe je samen<\/a><\/li>\n<\/ul>\n\n\n\n<ul class=\"wp-block-list\">\n<li class=\"has-medium-font-size\"><a href=\"http:\/\/www.wadvaarders.nl\/\">Wadvaarders<\/a><\/li>\n<\/ul>\n\n\n\n<ul class=\"wp-block-list\">\n<li class=\"has-medium-font-size\"><strong>Zeeland<\/strong>\n<ul class=\"wp-block-list\">\n<li><a href=\"https:\/\/www.havenstavenisse.nl\/haven\" title=\"\">Haven Stavenisse<\/a><\/li>\n\n\n\n<li><a href=\"http:\/\/www.jachthaven-hoedekenskerke.com\/pages\/vaarroute.php\" title=\"\">Haven Hoedekenskerke<\/a><\/li>\n<\/ul>\n<\/li>\n<\/ul>\n\n\n\n<div style=\"height:50px\" aria-hidden=\"true\" class=\"wp-block-spacer\"><\/div>\n\n\n\n<h2 class=\"wp-block-heading\">Norge <img loading=\"lazy\" decoding=\"async\" width=\"17\" height=\"13\" class=\"wp-image-29\" style=\"width: 17px;\" src=\"https:\/\/www.escaut.nl\/wp-content\/uploads\/2023\/01\/Norway.webp\" alt=\"\"><\/h2>\n\n\n\n<ul class=\"wp-block-list\">\n<li class=\"has-medium-font-size\"><a href=\"https:\/\/www.kartverket.no\/til-sjos\">Kartverket<\/a>\n<ul class=\"wp-block-list\">\n<li><a href=\"https:\/\/dnl.kartverket.no\/?zoom=3.5&amp;lng=14.35353&amp;lat=61.67077\" title=\"\">Den norske los<\/a><\/li>\n<\/ul>\n<\/li>\n<\/ul>\n\n\n\n<ul class=\"wp-block-list\">\n<li class=\"has-medium-font-size\"><a href=\"https:\/\/www.kystverket.no\/en\/\" title=\"\">Kystverket<\/a><\/li>\n<\/ul>\n\n\n\n<ul class=\"wp-block-list\">\n<li class=\"has-medium-font-size\"><a href=\"https:\/\/www.kystradio.no\/s\/?language=en_US\" title=\"\">Kystradio<\/a>\n<ul class=\"wp-block-list\">\n<li class=\"has-medium-font-size\"><a href=\"https:\/\/www.kystradio.no\/s\/article\/N%C3%B8dprosedyrer-og-kanalplaner?language=en_US\" title=\"\">Channel plans and distress procedure<\/a><\/li>\n<\/ul>\n<\/li>\n<\/ul>\n\n\n\n<ul class=\"wp-block-list\">\n<li class=\"has-medium-font-size\"><a href=\"https:\/\/www.barentswatch.no\/en\/\" title=\"\">BarentsWatch<\/a>\n<ul class=\"wp-block-list\">\n<li><a href=\"https:\/\/www.barentswatch.no\/ohoi\/?lang=en\" title=\"\">Ohoi<\/a><\/li>\n<\/ul>\n<\/li>\n<\/ul>\n\n\n\n<ul class=\"wp-block-list\">\n<li class=\"has-medium-font-size\"><a href=\"https:\/\/www.sverigesochnorgeskanaler.com\/\">The Swedish and Norwegian canals<\/a><\/li>\n<\/ul>\n\n\n\n<ul class=\"wp-block-list\">\n<li class=\"has-medium-font-size\"><a href=\"https:\/\/www.norwegiancruisingguide.com\/\" title=\"\">Norwegian Cruising Guide<\/a><\/li>\n<\/ul>\n\n\n\n<ul class=\"wp-block-list\">\n<li class=\"has-medium-font-size\"><a href=\"https:\/\/rs.no\/english\/\" title=\"\">Redningsselskapet<\/a><\/li>\n<\/ul>\n\n\n\n<div style=\"height:50px\" aria-hidden=\"true\" class=\"wp-block-spacer\"><\/div>\n\n\n\n<h2 class=\"wp-block-heading\">Portugal <img loading=\"lazy\" decoding=\"async\" width=\"18\" height=\"12\" class=\"wp-image-30\" style=\"width: 18px;\" src=\"https:\/\/www.escaut.nl\/wp-content\/uploads\/2023\/01\/Portugal.webp\" alt=\"\"><\/h2>\n\n\n\n<ul class=\"wp-block-list\">\n<li class=\"has-medium-font-size\"><a href=\"https:\/\/www.portosdosacores.pt\/\">Portos Da A\u00e7ores<\/a><\/li>\n<\/ul>\n\n\n\n<ul class=\"wp-block-list\">\n<li class=\"has-medium-font-size\"><a href=\"http:\/\/www.apram.pt\/\">Portos Da Madeira<\/a><\/li>\n<\/ul>\n\n\n\n<div style=\"height:50px\" aria-hidden=\"true\" class=\"wp-block-spacer\"><\/div>\n\n\n\n<h2 class=\"wp-block-heading\">Russia <img loading=\"lazy\" decoding=\"async\" width=\"21\" height=\"13\" class=\"wp-image-428\" style=\"width: 21px;\" src=\"https:\/\/www.escaut.nl\/wp-content\/uploads\/2023\/01\/Russia.webp\" alt=\"Russia\"><\/h2>\n\n\n\n<ul class=\"wp-block-list has-medium-font-size\">\n<li class=\"has-medium-font-size\"><a href=\"https:\/\/www.sailinginrussia.org\/\">Sailing through Russia<\/a><\/li>\n<\/ul>\n\n\n\n<ul class=\"wp-block-list\">\n<li class=\"has-medium-font-size\"><a href=\"http:\/\/yacht-club-spb.com\/en\/en\">Saint Petersburg Yachtclub<\/a><\/li>\n<\/ul>\n\n\n\n<div style=\"height:50px\" aria-hidden=\"true\" class=\"wp-block-spacer\"><\/div>\n\n\n\n<h2 class=\"wp-block-heading\">Sverige <img loading=\"lazy\" decoding=\"async\" width=\"20\" height=\"13\" class=\"wp-image-32\" style=\"width: 20px;\" src=\"https:\/\/www.escaut.nl\/wp-content\/uploads\/2023\/01\/Sweden.webp\" alt=\"\"><\/h2>\n\n\n\n<ul class=\"wp-block-list\">\n<li class=\"has-medium-font-size\"><a href=\"https:\/\/www.sjofartsverket.se\/en\/\" title=\"\">Sl\u00f6fartsverket<\/a>\n<ul class=\"wp-block-list\">\n<li class=\"has-medium-font-size\"><a href=\"https:\/\/www.sjofartsverket.se\/sv\/tjanster\/kanaler-slussar-broar\" title=\"\">Kanaler, slussar och broar<\/a><\/li>\n\n\n\n<li class=\"has-medium-font-size\"><a href=\"https:\/\/ufs.sjofartsverket.se\/pdf\/Ufs_A_en.pdf\" title=\"\">Notices to Mariners General Information<\/a><\/li>\n\n\n\n<li class=\"has-medium-font-size\"><a href=\"https:\/\/stockholmradio.se\/kartor-och-kanalplan-vhf\/\" title=\"\">Kartor och kanalplan \u2013 VHF<\/a><\/li>\n<\/ul>\n<\/li>\n<\/ul>\n\n\n\n<ul class=\"wp-block-list\">\n<li class=\"has-medium-font-size\"><a href=\"http:\/\/www.gotakanal.se\/\">G\u00f6ta Canal<\/a><\/li>\n<\/ul>\n\n\n\n<ul class=\"wp-block-list\">\n<li class=\"has-medium-font-size\"><a href=\"https:\/\/www.vastsverige.com\/\" title=\"\">We<\/a><a href=\"https:\/\/www.vastsverige.com\/en\/\" title=\"\">st Sweden<\/a>\n<ul class=\"wp-block-list\">\n<li class=\"has-medium-font-size\"><a href=\"https:\/\/www.vastsverige.com\/en\/trollhattan-vanersborg\/\" title=\"\">Visit Trolh\u00e4ttan and V\u00e4nersborg<\/a>\n<ul class=\"wp-block-list\">\n<li class=\"has-medium-font-size\"><a href=\"https:\/\/www.vastsverige.com\/en\/trollhattan-vanersborg\/falls-and-locks\/with-a-boat-on-trollhatte-canal\/\" title=\"\">With yacht on Trollh\u00e4tte Canal<\/a><\/li>\n<\/ul>\n<\/li>\n<\/ul>\n<\/li>\n<\/ul>\n\n\n\n<ul class=\"wp-block-list\">\n<li class=\"has-medium-font-size\"><a href=\"http:\/\/www.stockholmradio.se\/\">Stockholm Radio<\/a><\/li>\n<\/ul>\n\n\n\n<ul class=\"wp-block-list\">\n<li class=\"has-medium-font-size\"><a href=\"http:\/\/www.sverigesochnorgeskanaler.com\/\">The Swedish and Norwegian canals<\/a><\/li>\n<\/ul>\n\n\n\n<ul class=\"wp-block-list\">\n<li class=\"has-medium-font-size\"><a href=\"https:\/\/www.sxk.se\/\" title=\"\">Svenska Kryssarklubben<\/a><\/li>\n<\/ul>\n\n\n\n<ul class=\"wp-block-list\">\n<li class=\"has-medium-font-size\"><a href=\"https:\/\/www.dockspot.com\/en\" title=\"\">Dockspot<\/a><\/li>\n<\/ul>\n\n\n\n<ul class=\"wp-block-list\">\n<li class=\"has-medium-font-size\"><a href=\"https:\/\/www.sjoraddning.se\/information-english\" title=\"\">Sj\u00f6r\u00e4ddnings S\u00e4llskapet<\/a><\/li>\n<\/ul>\n\n\n\n<div style=\"height:50px\" aria-hidden=\"true\" class=\"wp-block-spacer\"><\/div>\n\n\n\n<h2 class=\"wp-block-heading\">Suomi <img loading=\"lazy\" decoding=\"async\" width=\"20\" height=\"13\" class=\"wp-image-22\" style=\"width: 20px;\" src=\"https:\/\/www.escaut.nl\/wp-content\/uploads\/2023\/01\/Finland.webp\" alt=\"\"><\/h2>\n\n\n\n<ul class=\"wp-block-list has-medium-font-size\">\n<li class=\"has-medium-font-size\"><a href=\"https:\/\/www.traficom.fi\/en\/transport\/maritime\/seafarers\/nautical-charts\/sailing-directions-finnish-waters\" title=\"\">Sailing Directions for Finnish waters<\/a><\/li>\n<\/ul>\n\n\n\n<ul class=\"wp-block-list\">\n<li class=\"has-medium-font-size\"><a href=\"https:\/\/sail-in-finland.info\/\">Sail in Finland<\/a><\/li>\n<\/ul>\n\n\n\n<ul class=\"wp-block-list\">\n<li class=\"has-medium-font-size\"><a href=\"http:\/\/www.visitsaaristo.net\/\">Visit Saaristo<\/a><\/li>\n<\/ul>\n\n\n\n<ul class=\"wp-block-list\">\n<li class=\"has-medium-font-size\"><a href=\"https:\/\/www.visitkimitoon.fi\/\">Visit Kimito\u00f6n<\/a><\/li>\n<\/ul>\n\n\n\n<div style=\"height:100px\" aria-hidden=\"true\" class=\"wp-block-spacer\"><\/div>\n\n\n\n<hr class=\"wp-block-separator has-alpha-channel-opacity\"\/>\n\n\n<div class=\"wp-block-image\">\n<figure class=\"aligncenter size-full\"><img loading=\"lazy\" decoding=\"async\" width=\"32\" height=\"32\" src=\"https:\/\/www.escaut.nl\/wp-content\/uploads\/2023\/01\/Escaut-nlPuffin-transp_web-32.png\" alt=\"\" class=\"wp-image-8\"\/><\/figure>\n<\/div>","protected":false},"excerpt":{"rendered":"<p>World Channel Islands Danmark Deutschland Espa\u00f1a Estonia Faer\u00f6er France Great Britain Ireland Latvia Nederland Norge Portugal Russia Sverige Suomi<\/p>\n","protected":false},"author":1,"featured_media":0,"parent":0,"menu_order":0,"comment_status":"closed","ping_status":"closed","template":"","meta":{"ocean_post_layout":"","ocean_both_sidebars_style":"","ocean_both_sidebars_content_width":0,"ocean_both_sidebars_sidebars_width":0,"ocean_sidebar":"0","ocean_second_sidebar":"0","ocean_disable_margins":"enable","ocean_add_body_class":"","ocean_shortcode_before_top_bar":"","ocean_shortcode_after_top_bar":"","ocean_shortcode_before_header":"","ocean_shortcode_after_header":"","ocean_has_shortcode":"","ocean_shortcode_after_title":"","ocean_shortcode_before_footer_widgets":"","ocean_shortcode_after_footer_widgets":"","ocean_shortcode_before_footer_bottom":"","ocean_shortcode_after_footer_bottom":"","ocean_display_top_bar":"default","ocean_display_header":"default","ocean_header_style":"","ocean_center_header_left_menu":"0","ocean_custom_header_template":"0","ocean_custom_logo":0,"ocean_custom_retina_logo":0,"ocean_custom_logo_max_width":0,"ocean_custom_logo_tablet_max_width":0,"ocean_custom_logo_mobile_max_width":0,"ocean_custom_logo_max_height":0,"ocean_custom_logo_tablet_max_height":0,"ocean_custom_logo_mobile_max_height":0,"ocean_header_custom_menu":"0","ocean_menu_typo_font_family":"0","ocean_menu_typo_font_subset":"","ocean_menu_typo_font_size":0,"ocean_menu_typo_font_size_tablet":0,"ocean_menu_typo_font_size_mobile":0,"ocean_menu_typo_font_size_unit":"px","ocean_menu_typo_font_weight":"","ocean_menu_typo_font_weight_tablet":"","ocean_menu_typo_font_weight_mobile":"","ocean_menu_typo_transform":"","ocean_menu_typo_transform_tablet":"","ocean_menu_typo_transform_mobile":"","ocean_menu_typo_line_height":0,"ocean_menu_typo_line_height_tablet":0,"ocean_menu_typo_line_height_mobile":0,"ocean_menu_typo_line_height_unit":"","ocean_menu_typo_spacing":0,"ocean_menu_typo_spacing_tablet":0,"ocean_menu_typo_spacing_mobile":0,"ocean_menu_typo_spacing_unit":"","ocean_menu_link_color":"","ocean_menu_link_color_hover":"","ocean_menu_link_color_active":"","ocean_menu_link_background":"","ocean_menu_link_hover_background":"","ocean_menu_link_active_background":"","ocean_menu_social_links_bg":"","ocean_menu_social_hover_links_bg":"","ocean_menu_social_links_color":"","ocean_menu_social_hover_links_color":"","ocean_disable_title":"default","ocean_disable_heading":"default","ocean_post_title":"","ocean_post_subheading":"","ocean_post_title_style":"","ocean_post_title_background_color":"","ocean_post_title_background":0,"ocean_post_title_bg_image_position":"","ocean_post_title_bg_image_attachment":"","ocean_post_title_bg_image_repeat":"","ocean_post_title_bg_image_size":"","ocean_post_title_height":0,"ocean_post_title_bg_overlay":0.5,"ocean_post_title_bg_overlay_color":"","ocean_disable_breadcrumbs":"default","ocean_breadcrumbs_color":"","ocean_breadcrumbs_separator_color":"","ocean_breadcrumbs_links_color":"","ocean_breadcrumbs_links_hover_color":"","ocean_display_footer_widgets":"default","ocean_display_footer_bottom":"default","ocean_custom_footer_template":"0","footnotes":""},"class_list":["post-72","page","type-page","status-publish","hentry","entry"],"_links":{"self":[{"href":"https:\/\/www.escaut.nl\/index.php\/wp-json\/wp\/v2\/pages\/72","targetHints":{"allow":["GET"]}}],"collection":[{"href":"https:\/\/www.escaut.nl\/index.php\/wp-json\/wp\/v2\/pages"}],"about":[{"href":"https:\/\/www.escaut.nl\/index.php\/wp-json\/wp\/v2\/types\/page"}],"author":[{"embeddable":true,"href":"https:\/\/www.escaut.nl\/index.php\/wp-json\/wp\/v2\/users\/1"}],"replies":[{"embeddable":true,"href":"https:\/\/www.escaut.nl\/index.php\/wp-json\/wp\/v2\/comments?post=72"}],"version-history":[{"count":0,"href":"https:\/\/www.escaut.nl\/index.php\/wp-json\/wp\/v2\/pages\/72\/revisions"}],"wp:attachment":[{"href":"https:\/\/www.escaut.nl\/index.php\/wp-json\/wp\/v2\/media?parent=72"}],"curies":[{"name":"wp","href":"https:\/\/api.w.org\/{rel}","templated":true}]}}