{"id":48,"date":"2023-01-14T08:19:57","date_gmt":"2023-01-14T08:19:57","guid":{"rendered":"https:\/\/www.escaut.nl\/?page_id=48"},"modified":"2025-06-18T18:28:16","modified_gmt":"2025-06-18T16:28:16","slug":"hydro","status":"publish","type":"page","link":"https:\/\/www.escaut.nl\/index.php\/hydro\/","title":{"rendered":"Hydro"},"content":{"rendered":"<div class=\"wp-block-image\">\n<figure class=\"aligncenter size-full\"><a href=\"https:\/\/rwsos.rws.nl\/viewer\/map\/noordzee\/waterkwantiteit\"><img loading=\"lazy\" decoding=\"async\" width=\"700\" height=\"393\" src=\"https:\/\/www.escaut.nl\/wp-content\/uploads\/2025\/06\/RWsOS_Viewer.webp\" alt=\"\" class=\"wp-image-3520\" srcset=\"https:\/\/www.escaut.nl\/wp-content\/uploads\/2025\/06\/RWsOS_Viewer.webp 700w, https:\/\/www.escaut.nl\/wp-content\/uploads\/2025\/06\/RWsOS_Viewer-300x168.webp 300w\" sizes=\"auto, (max-width: 700px) 100vw, 700px\" \/><\/a><\/figure>\n<\/div>\n\n\n<div style=\"height:20px\" aria-hidden=\"true\" class=\"wp-block-spacer\"><\/div>\n\n\n\n<ul class=\"wp-block-list\">\n<li class=\"has-medium-font-size\"><a href=\"https:\/\/waterberichtgeving.rws.nl\/owb\/home\" title=\"\">Waterberichtgeving Rijkswaterstaat<\/a>\n<ul class=\"wp-block-list\">\n<li class=\"has-medium-font-size\"><a href=\"https:\/\/waterberichtgeving.rws.nl\/owb\/regio\/regio-zeeuwse-wateren\" title=\"\">Regio Zeeland<\/a><\/li>\n\n\n\n<li class=\"has-medium-font-size\"><a href=\"https:\/\/waterberichtgeving.rws.nl\/owb\/regio\/regio-noordzee\" title=\"\">Regio Noordzee<\/a><\/li>\n\n\n\n<li class=\"has-medium-font-size\"><a href=\"https:\/\/waterberichtgeving.rws.nl\/owb\/regio\/rijn-maasmonding\" title=\"\">Regio Rijn- en Maasmonden<\/a><\/li>\n\n\n\n<li class=\"has-medium-font-size\"><a href=\"https:\/\/waterberichtgeving.rws.nl\/owb\/regio\/regio-ijmond\" title=\"\">Regio IJmond<\/a><\/li>\n\n\n\n<li class=\"has-medium-font-size\"><a href=\"https:\/\/waterberichtgeving.rws.nl\/owb\/regio\/regio-rivieren\" title=\"\">Regio Rivieren<\/a><\/li>\n\n\n\n<li class=\"has-medium-font-size\"><a href=\"https:\/\/waterberichtgeving.rws.nl\/owb\/regio\/regio_ijsselmeergebied\" title=\"\">Regio IJsselmeergebied<\/a><\/li>\n\n\n\n<li class=\"has-medium-font-size\"><a href=\"https:\/\/waterberichtgeving.rws.nl\/owb\/regio\/regio-waddenzee\" title=\"\">Regio Waddenzee<\/a><\/li>\n<\/ul>\n<\/li>\n<\/ul>\n\n\n\n<hr class=\"wp-block-separator has-alpha-channel-opacity is-style-wide\"\/>\n\n\n\n<div class=\"wp-block-columns is-not-stacked-on-mobile is-layout-flex wp-container-core-columns-is-layout-9d6595d7 wp-block-columns-is-layout-flex\">\n<div class=\"wp-block-column is-layout-flow wp-block-column-is-layout-flow\">\n<h5 class=\"wp-block-heading\"><a href=\"#belgie-belgique\"><img loading=\"lazy\" decoding=\"async\" width=\"28\" height=\"25\" class=\"wp-image-19\" style=\"width: 28px;\" src=\"https:\/\/www.escaut.nl\/wp-content\/uploads\/2023\/01\/Belgium.webp\" alt=\"\"><\/a> <a href=\"#belgie-belgique\">BEL<\/a> <br><br><a href=\"#danmark\"><img loading=\"lazy\" decoding=\"async\" width=\"32\" height=\"25\" class=\"wp-image-20\" style=\"width: 32px;\" src=\"https:\/\/www.escaut.nl\/wp-content\/uploads\/2023\/01\/Denmark.webp\" alt=\"\"><\/a> <a href=\"#danmark\">DNK<\/a> <br><br><a href=\"#deutschland\"><img loading=\"lazy\" decoding=\"async\" width=\"41\" height=\"25\" class=\"wp-image-24\" style=\"width: 41px;\" src=\"https:\/\/www.escaut.nl\/wp-content\/uploads\/2023\/01\/Germany.webp\" alt=\"\"><\/a> <a href=\"#deutschland\">DEU<\/a> <br><br><a href=\"#espana\"><img loading=\"lazy\" decoding=\"async\" width=\"37\" height=\"25\" class=\"wp-image-31\" style=\"width: 37px;\" src=\"https:\/\/www.escaut.nl\/wp-content\/uploads\/2023\/01\/Spain.webp\" alt=\"\"><\/a> <s><sub><a href=\"#espana\">ESP<\/a> <\/sub><\/s><br><br><a href=\"#estonia\"><img loading=\"lazy\" decoding=\"async\" width=\"39\" height=\"25\" class=\"wp-image-21\" style=\"width: 39px;\" src=\"https:\/\/www.escaut.nl\/wp-content\/uploads\/2023\/01\/Estonia.webp\" alt=\"\"><\/a> <a href=\"#estonia\"><s><sub>EST<\/sub><\/s><\/a><br><br><img loading=\"lazy\" decoding=\"async\" width=\"37\" height=\"25\" class=\"wp-image-3443\" style=\"width: 37px;\" src=\"https:\/\/www.escaut.nl\/wp-content\/uploads\/2025\/04\/Europe.webp\" alt=\"Europa\"> <a href=\"#europa\" title=\"\">EUR<\/a><br><br><a href=\"#suomi\"><img loading=\"lazy\" decoding=\"async\" width=\"40\" height=\"25\" class=\"wp-image-22\" style=\"width: 40px;\" src=\"https:\/\/www.escaut.nl\/wp-content\/uploads\/2023\/01\/Finland.webp\" alt=\"\"><\/a> <a href=\"http:\/\/www.escaut.nl\/herstel\/wp-admin\/post.php?post=5657&amp;action=edit#suomi\"><\/a> <a href=\"#suomi\" title=\"\"><s><sub>FIN<\/sub><\/s><\/a><\/h5>\n<\/div>\n\n\n\n<div class=\"wp-block-column is-layout-flow wp-block-column-is-layout-flow\">\n<h5 class=\"wp-block-heading\"><a href=\"#france\"><img loading=\"lazy\" decoding=\"async\" width=\"37\" height=\"25\" class=\"wp-image-23\" style=\"width: 37px;\" src=\"https:\/\/www.escaut.nl\/wp-content\/uploads\/2023\/01\/France.webp\" alt=\"\"><\/a> <a href=\"#france\">FRA<\/a> <br><br><a href=\"#great-britain\"><img loading=\"lazy\" decoding=\"async\" width=\"50\" height=\"25\" class=\"wp-image-33\" style=\"width: 50px;\" src=\"https:\/\/www.escaut.nl\/wp-content\/uploads\/2023\/01\/United_Kingdom.webp\" alt=\"\"><\/a> <a href=\"#great-britain\">GBR<\/a> <br><br><a href=\"#ireland\"><img loading=\"lazy\" decoding=\"async\" width=\"50\" height=\"25\" class=\"wp-image-26\" style=\"width: 50px;\" src=\"https:\/\/www.escaut.nl\/wp-content\/uploads\/2023\/01\/Ireland.webp\" alt=\"\"><\/a> <a href=\"#great-britain\" title=\"\">IRL<\/a> <br><br><a href=\"#island\"><img loading=\"lazy\" decoding=\"async\" width=\"34\" height=\"25\" class=\"wp-image-25\" style=\"width: 34px;\" src=\"https:\/\/www.escaut.nl\/wp-content\/uploads\/2023\/01\/Iceland.webp\" alt=\"\"><\/a> <s><sub><a href=\"#island\">ISL<\/a> <\/sub><\/s><br><br><a href=\"http:\/\/www.escaut.nl\/herstel\/wp-admin\/post.php?post=5657&amp;action=edit#lithuania\"><\/a><a href=\"#lithuania\"><img loading=\"lazy\" decoding=\"async\" width=\"41\" height=\"25\" class=\"wp-image-27\" style=\"width: 41px;\" src=\"https:\/\/www.escaut.nl\/wp-content\/uploads\/2023\/01\/Lithuania.webp\" alt=\"\"><\/a> <a href=\"#lithuania\" title=\"\"><s><sub>LTU<\/sub><\/s><\/a><br><br><a href=\"#latvia\"><img loading=\"lazy\" decoding=\"async\" width=\"42\" height=\"25\" class=\"wp-image-294\" style=\"width: 42px;\" src=\"https:\/\/www.escaut.nl\/wp-content\/uploads\/2023\/01\/Latvia.webp\" alt=\"\"><\/a> <a href=\"#latvia\"><s><sub>LVA<\/sub><\/s><\/a><br><a href=\"#norge\"><\/a><\/h5>\n<\/div>\n\n\n\n<div class=\"wp-block-column is-layout-flow wp-block-column-is-layout-flow\">\n<h5 class=\"wp-block-heading\"><a href=\"#nederland\"><img loading=\"lazy\" decoding=\"async\" width=\"37\" height=\"25\" class=\"wp-image-28\" style=\"width: 37px;\" src=\"https:\/\/www.escaut.nl\/wp-content\/uploads\/2023\/01\/Netherlands.webp\" alt=\"\"><\/a> <a href=\"#nederland\">NLD<\/a> <br><br><a href=\"#norge\"><img loading=\"lazy\" decoding=\"async\" width=\"34\" height=\"25\" class=\"wp-image-29\" style=\"width: 34px;\" src=\"https:\/\/www.escaut.nl\/wp-content\/uploads\/2023\/01\/Norway.webp\" alt=\"\"><\/a> <a href=\"#norge\">NOR<\/a> <br><br><a href=\"#portugal\"><img loading=\"lazy\" decoding=\"async\" width=\"37\" height=\"25\" class=\"wp-image-30\" style=\"width: 37px;\" src=\"https:\/\/www.escaut.nl\/wp-content\/uploads\/2023\/01\/Portugal.webp\" alt=\"\"><\/a> <s><sub><a href=\"#portugal\" title=\"\">PRT <\/a><\/sub><\/s><br><br><a href=\"#sverige\"><img loading=\"lazy\" decoding=\"async\" width=\"40\" height=\"25\" class=\"wp-image-32\" style=\"width: 40px;\" src=\"https:\/\/www.escaut.nl\/wp-content\/uploads\/2023\/01\/Sweden.webp\" alt=\"\"><\/a> <a href=\"#sverige\">SWE<\/a><br><br><img loading=\"lazy\" decoding=\"async\" width=\"47\" height=\"25\" class=\"wp-image-380\" style=\"width: 47px;\" src=\"https:\/\/www.escaut.nl\/wp-content\/uploads\/2023\/01\/united-states-of-america-flag.webp\" alt=\"United States of America\"> <a href=\"#united-states-of-america\" title=\"\">USA<\/a><br><br><img loading=\"lazy\" decoding=\"async\" width=\"49\" height=\"25\" class=\"wp-image-297\" style=\"width: 49px;\" src=\"https:\/\/www.escaut.nl\/wp-content\/uploads\/2023\/01\/World.webp\" alt=\"World\"> <a href=\"#world\" title=\"\">World<\/a><br><\/h5>\n<\/div>\n<\/div>\n\n\n\n<div style=\"height:25px\" aria-hidden=\"true\" class=\"wp-block-spacer\"><\/div>\n\n\n\n<h2 class=\"wp-block-heading\" id=\"europa\">Europa <img loading=\"lazy\" decoding=\"async\" width=\"37\" height=\"25\" class=\"wp-image-3443\" style=\"width: 37px;\" src=\"https:\/\/www.escaut.nl\/wp-content\/uploads\/2025\/04\/Europe.webp\" alt=\"Europa\"><\/h2>\n\n\n\n<h5 class=\"wp-block-heading\"><a href=\"https:\/\/eurogoos.eu\/\" title=\"\">Eurogoos<\/a><\/h5>\n\n\n\n<hr class=\"wp-block-separator has-alpha-channel-opacity is-style-wide\"\/>\n\n\n\n<h2 class=\"wp-block-heading\" id=\"world\">World <img loading=\"lazy\" decoding=\"async\" width=\"30\" height=\"15\" class=\"wp-image-297\" style=\"width: 30px;\" src=\"https:\/\/www.escaut.nl\/wp-content\/uploads\/2023\/01\/World.webp\" alt=\"World\"><\/h2>\n\n\n\n<h5 class=\"wp-block-heading\"><a href=\"https:\/\/iho.int\/\" title=\"\">International Hydrographic Organization<\/a><\/h5>\n\n\n\n<hr class=\"wp-block-separator has-alpha-channel-opacity\"\/>\n\n\n\n<ul class=\"wp-block-list\">\n<li><a href=\"https:\/\/www.tide-forecast.com\/\" title=\"\">Tide Times and Tide Charts Worldwide<\/a><\/li>\n<\/ul>\n\n\n\n<ul class=\"wp-block-list\">\n<li><a href=\"https:\/\/www.tidetime.org\/\" title=\"\">Tidetime.org<\/a><\/li>\n<\/ul>\n\n\n\n<ul class=\"wp-block-list\">\n<li><a href=\"http:\/\/www.wxtide32.com\/\" title=\"\">WXTide32<\/a><\/li>\n<\/ul>\n\n\n\n<hr class=\"wp-block-separator has-alpha-channel-opacity is-style-wide\"\/>\n\n\n\n<h2 class=\"wp-block-heading\" id=\"belgie-belgique\">Belgi\u00eb\/Belgique <img loading=\"lazy\" decoding=\"async\" width=\"14\" height=\"13\" class=\"wp-image-19\" style=\"width: 14px;\" src=\"https:\/\/www.escaut.nl\/wp-content\/uploads\/2023\/01\/Belgium.webp\" alt=\"Belgi\u00eb \/ Belgique\"><\/h2>\n\n\n\n<ul class=\"wp-block-list\">\n<li><a href=\"http:\/\/www.afdelingkust.be\/nl\/getij\">Getij<\/a><\/li>\n<\/ul>\n\n\n\n<hr class=\"wp-block-separator has-alpha-channel-opacity is-style-wide\"\/>\n\n\n\n<h2 class=\"wp-block-heading\" id=\"danmark\">Danmark <img loading=\"lazy\" decoding=\"async\" width=\"20\" height=\"16\" class=\"wp-image-20\" style=\"width: 20px;\" src=\"https:\/\/www.escaut.nl\/wp-content\/uploads\/2023\/01\/Denmark.webp\" alt=\"Danmark\"><\/h2>\n\n\n\n<h5 class=\"wp-block-heading\"><a href=\"https:\/\/eng.gst.dk\/\" title=\"\">Danish Geodate Agency<\/a><\/h5>\n\n\n\n<h5 class=\"wp-block-heading\"><a href=\"https:\/\/www.dmi.dk\/\" title=\"\">DMI<\/a><\/h5>\n\n\n\n<ul class=\"wp-block-list\">\n<li><a href=\"https:\/\/ocean.dmi.dk\/tides\/tides_dk.uk.php\" title=\"\">DMI Tide Tables<\/a><\/li>\n\n\n\n<li><a href=\"https:\/\/www.dmi.dk\/hav-og-is\/temaforside-tidevand\/tidevandstabeller\" title=\"\">DMI Tidevandstabeller<\/a><\/li>\n\n\n\n<li><a href=\"https:\/\/www.dmi.dk\/vandstand\" title=\"\">DMI Vandstand<\/a><\/li>\n<\/ul>\n\n\n\n<h5 class=\"wp-block-heading\"><a href=\"https:\/\/app.fcoo.dk\/ifm-maps-beta\/select\/index.html?lang=en\">Forsvarets Center for Operativ Oceanografi (FCOO)<\/a><\/h5>\n\n\n\n<hr class=\"wp-block-separator has-alpha-channel-opacity is-style-wide\"\/>\n\n\n\n<h2 class=\"wp-block-heading\" id=\"deutschland\">Deutschland <img loading=\"lazy\" decoding=\"async\" width=\"20\" height=\"12\" class=\"wp-image-24\" style=\"width: 20px;\" src=\"https:\/\/www.escaut.nl\/wp-content\/uploads\/2023\/01\/Germany.webp\" alt=\"Deutschland\"><\/h2>\n\n\n\n<h5 class=\"wp-block-heading\"><a href=\"https:\/\/www.bsh.de\/EN\/Home\/home_node.html\" title=\"\">Bundesamt f\u00fcr Seeschifffahrt und Hydrographie<\/a><\/h5>\n\n\n\n<hr class=\"wp-block-separator has-alpha-channel-opacity\"\/>\n\n\n\n<ul class=\"wp-block-list\">\n<li><a href=\"https:\/\/www.bsh.de\/DE\/DATEN\/Vorhersagen\/vorhersagen_node.html\">BSH &#8211; Voorhersagen<\/a><\/li>\n<\/ul>\n\n\n\n<ul class=\"wp-block-list\">\n<li>\n<ul class=\"wp-block-list\">\n<li><a href=\"https:\/\/wasserstand-nordsee.bsh.de\/\">Wasserstandsvorhersage Nordsee<\/a><\/li>\n<\/ul>\n<\/li>\n<\/ul>\n\n\n\n<ul class=\"wp-block-list\">\n<li>\n<ul class=\"wp-block-list\">\n<li>  &#8211;  <a href=\"https:\/\/wasserstand-nordsee.bsh.de\/cuxhaven_steubenhoeft\">Cuxhaven<\/a><\/li>\n<\/ul>\n<\/li>\n<\/ul>\n\n\n\n<ul class=\"wp-block-list\">\n<li><a href=\"https:\/\/www.bsh.de\/DE\/DATEN\/Vorhersagen\/Stroemungen\/Oberflaechenstroemung_fuer_Segler\/oberflaechenstroemung_fuer_segler_node.html\">Oberfl\u00e4chenstr\u00f6mung f\u00fcr Segler<\/a><\/li>\n<\/ul>\n\n\n\n<hr class=\"wp-block-separator has-alpha-channel-opacity is-style-wide\"\/>\n\n\n\n<h2 class=\"wp-block-heading\" id=\"france\">France <img loading=\"lazy\" decoding=\"async\" width=\"18\" height=\"12\" class=\"wp-image-23\" style=\"width: 18px;\" src=\"https:\/\/www.escaut.nl\/wp-content\/uploads\/2023\/01\/France.webp\" alt=\"France\"><\/h2>\n\n\n\n<h5 class=\"wp-block-heading\"><a href=\"https:\/\/www.shom.fr\/\" title=\"\">SHOM<\/a><\/h5>\n\n\n\n<hr class=\"wp-block-separator has-alpha-channel-opacity\"\/>\n\n\n\n<ul class=\"wp-block-list\">\n<li><a href=\"http:\/\/maree.info\/\">Annuaire des mar\u00e9es<\/a><\/li>\n<\/ul>\n\n\n\n<div style=\"height:5px\" aria-hidden=\"true\" class=\"wp-block-spacer\"><\/div>\n\n\n\n<ul class=\"wp-block-list\">\n<li><a href=\"https:\/\/maree.shom.fr\/\">Horaires des mar\u00e9es<\/a><\/li>\n<\/ul>\n\n\n\n<div style=\"height:5px\" aria-hidden=\"true\" class=\"wp-block-spacer\"><\/div>\n\n\n\n<ul class=\"wp-block-list\">\n<li><a href=\"https:\/\/fr.wikipedia.org\/wiki\/Calcul_de_mar%C3%A9e\">Calcul de Mar\u00e9e<\/a><\/li>\n<\/ul>\n\n\n\n<hr class=\"wp-block-separator has-alpha-channel-opacity is-style-wide\"\/>\n\n\n\n<h2 class=\"wp-block-heading\" id=\"great-britain\">Great Britain &amp; Ireland <img loading=\"lazy\" decoding=\"async\" width=\"25\" height=\"13\" class=\"wp-image-33\" style=\"width: 25px;\" src=\"https:\/\/www.escaut.nl\/wp-content\/uploads\/2023\/01\/United_Kingdom.webp\" alt=\"United_Kingdom\"> <img loading=\"lazy\" decoding=\"async\" width=\"25\" height=\"13\" class=\"wp-image-26\" style=\"width: 25px;\" src=\"https:\/\/www.escaut.nl\/wp-content\/uploads\/2023\/01\/Ireland.webp\" alt=\"Ireland\"><\/h2>\n\n\n\n<h5 class=\"wp-block-heading\"><a href=\"https:\/\/www.gov.uk\/government\/organisations\/uk-hydrographic-office\" title=\"\">UK Hydrographic Office<\/a><\/h5>\n\n\n\n<h5 class=\"wp-block-heading\"><a href=\"https:\/\/www.infomar.ie\/\" title=\"\">Infomar<\/a><\/h5>\n\n\n\n<hr class=\"wp-block-separator has-alpha-channel-opacity\"\/>\n\n\n\n<ul class=\"wp-block-list\">\n<li><a href=\"http:\/\/www.ukho.gov.uk\/Easytide\">Easytide<\/a><\/li>\n<\/ul>\n\n\n\n<div style=\"height:5px\" aria-hidden=\"true\" class=\"wp-block-spacer\"><\/div>\n\n\n\n<ul class=\"wp-block-list\">\n<li><a href=\"https:\/\/ntslf.org\/\">National Tidal and Sea Level Facility<\/a><\/li>\n<\/ul>\n\n\n\n<div style=\"height:5px\" aria-hidden=\"true\" class=\"wp-block-spacer\"><\/div>\n\n\n\n<ul class=\"wp-block-list\">\n<li><a href=\"https:\/\/www.visitmyharbour.com\/tides\/\">VisitMyHarbour\/tides<\/a><\/li>\n<\/ul>\n\n\n\n<div style=\"height:5px\" aria-hidden=\"true\" class=\"wp-block-spacer\"><\/div>\n\n\n\n<ul class=\"wp-block-list\">\n<li><a href=\"https:\/\/www.waiting-for-the-tide.com\/\" title=\"\">Wating for the tides<\/a><\/li>\n<\/ul>\n\n\n\n<hr class=\"wp-block-separator has-alpha-channel-opacity is-style-wide\"\/>\n\n\n\n<h2 class=\"wp-block-heading\" id=\"nederland\">Nederland <img loading=\"lazy\" decoding=\"async\" width=\"18\" height=\"12\" class=\"wp-image-28\" style=\"width: 18px;\" src=\"https:\/\/www.escaut.nl\/wp-content\/uploads\/2023\/01\/Netherlands.webp\" alt=\"Nederland\"><\/h2>\n\n\n\n<h5 class=\"wp-block-heading\"><a href=\"https:\/\/www.defensie.nl\/onderwerpen\/hydrografie\" title=\"\">Dienst der Hydrografie<\/a><\/h5>\n\n\n\n<hr class=\"wp-block-separator has-alpha-channel-opacity\"\/>\n\n\n\n<ul class=\"wp-block-list\">\n<li><a href=\"https:\/\/waterinfo.rws.nl\/?#!\/kaart\/astronomische-getij\">Astronomische getij<\/a><\/li>\n<\/ul>\n\n\n\n<ul class=\"wp-block-list\">\n<li><a href=\"https:\/\/www.waterpeilen.nl\/\" title=\"\">Waterpeilen <\/a><\/li>\n<\/ul>\n\n\n\n<ul class=\"wp-block-list\">\n<li><a href=\"https:\/\/gis.portofrotterdam.com\/apps\/mcs_nap\/\" title=\"\">Slijkgat (Port of Rotterdam)<\/a>\n<ul class=\"wp-block-list\">\n<li><a href=\"https:\/\/waterinfo.rws.nl\/#\/publiek\/waterhoogte\/Stellendam-buiten%28STEL%29\/details?parameters=Waterhoogte___20Oppervlaktewater___20t.o.v.___20Normaal___20Amsterdams___20Peil___20in___20cm\" title=\"\">Waterstand Stelledam<\/a><\/li>\n\n\n\n<li><a href=\"https:\/\/cdn.prod.website-files.com\/659532c50e8cfa099510e419\/668fd1002b7582dd9a55d3b0_brochure-Slijkgat-vdjs-web.pdf\" title=\"\">Nautische informatie<\/a><\/li>\n<\/ul>\n<\/li>\n<\/ul>\n\n\n\n<hr class=\"wp-block-separator has-alpha-channel-opacity is-style-wide\"\/>\n\n\n\n<h2 class=\"wp-block-heading\" id=\"norge\">Norge <img loading=\"lazy\" decoding=\"async\" width=\"20\" height=\"15\" class=\"wp-image-29\" style=\"width: 20px;\" src=\"https:\/\/www.escaut.nl\/wp-content\/uploads\/2023\/01\/Norway.webp\" alt=\"Norge\"><\/h2>\n\n\n\n<h5 class=\"wp-block-heading\"><a href=\"https:\/\/www.kartverket.no\/en\" title=\"\">Kartverket<\/a><\/h5>\n\n\n\n<h2 class=\"wp-block-heading\"><a href=\"https:\/\/www.barentswatch.no\/en\/\" title=\"\">Barentswatch<\/a><\/h2>\n\n\n\n<ul class=\"wp-block-list\">\n<li><\/li>\n<\/ul>\n\n\n\n<hr class=\"wp-block-separator has-alpha-channel-opacity is-style-wide\"\/>\n\n\n\n<h2 class=\"wp-block-heading\" id=\"sverige\">Sverige <img loading=\"lazy\" decoding=\"async\" width=\"20\" height=\"13\" class=\"wp-image-32\" style=\"width: 20px;\" src=\"https:\/\/www.escaut.nl\/wp-content\/uploads\/2023\/01\/Sweden.webp\" alt=\"Sverige\"><\/h2>\n\n\n\n<h2 class=\"wp-block-heading\"><a href=\"https:\/\/www.sjofartsverket.se\/en\/\" title=\"\">Sj\u00f6fartsverket<\/a><\/h2>\n\n\n\n<hr class=\"wp-block-separator has-alpha-channel-opacity\"\/>\n\n\n\n<ul class=\"wp-block-list\">\n<li><a href=\"https:\/\/www.smhi.se\/en\/weather\/forecasts\/marine-coastal-weather\/detailed\/2673730\/map\/waves\" title=\"\">SMHI Waves<\/a><\/li>\n<\/ul>\n\n\n\n<div style=\"height:5px\" aria-hidden=\"true\" class=\"wp-block-spacer\"><\/div>\n\n\n\n<ul class=\"wp-block-list\">\n<li><a href=\"https:\/\/www.smhi.se\/en\/weather\/forecasts\/marine-coastal-weather\/detailed\/2673730\/map\/currents\" title=\"\">SMHI Currents<\/a><\/li>\n<\/ul>\n\n\n\n<div style=\"height:5px\" aria-hidden=\"true\" class=\"wp-block-spacer\"><\/div>\n\n\n\n<ul class=\"wp-block-list\">\n<li><a href=\"https:\/\/www.smhi.se\/en\/weather\/forecasts\/marine-coastal-weather\/detailed\/2673730\/map\/waves\" title=\"\">SMHI Temp and ice<\/a><\/li>\n<\/ul>\n\n\n\n<hr class=\"wp-block-separator has-alpha-channel-opacity is-style-wide\"\/>\n\n\n\n<h2 class=\"wp-block-heading\" id=\"united-states-of-america\">United States of America <img loading=\"lazy\" decoding=\"async\" width=\"23\" height=\"12\" class=\"wp-image-380\" style=\"width: 23px;\" src=\"https:\/\/www.escaut.nl\/wp-content\/uploads\/2023\/01\/united-states-of-america-flag.webp\" alt=\"United States of America\"><\/h2>\n\n\n\n<ul class=\"wp-block-list\">\n<li><a href=\"https:\/\/tidesandcurrents.noaa.gov\/\">Tides &amp; Currents<\/a><\/li>\n<\/ul>\n\n\n\n<div style=\"height:5px\" aria-hidden=\"true\" class=\"wp-block-spacer\"><\/div>\n\n\n\n<ul class=\"wp-block-list\">\n<li><a href=\"https:\/\/tidesandcurrents.noaa.gov\/historic_tide_tables.html\">Historic Tide and Tidal Current Tables<\/a><\/li>\n<\/ul>\n\n\n\n<div style=\"height:25px\" aria-hidden=\"true\" class=\"wp-block-spacer\"><\/div>\n\n\n\n<figure class=\"wp-block-image size-full\"><img loading=\"lazy\" decoding=\"async\" width=\"807\" height=\"460\" src=\"https:\/\/www.escaut.nl\/wp-content\/uploads\/2024\/03\/Chartdatum.png\" alt=\"\" class=\"wp-image-2417\" srcset=\"https:\/\/www.escaut.nl\/wp-content\/uploads\/2024\/03\/Chartdatum.png 807w, https:\/\/www.escaut.nl\/wp-content\/uploads\/2024\/03\/Chartdatum-300x171.png 300w, https:\/\/www.escaut.nl\/wp-content\/uploads\/2024\/03\/Chartdatum-768x438.png 768w\" sizes=\"auto, (max-width: 807px) 100vw, 807px\" \/><\/figure>\n\n\n\n<hr class=\"wp-block-separator has-alpha-channel-opacity\"\/>\n\n\n<div class=\"wp-block-image\">\n<figure class=\"aligncenter size-full\"><img loading=\"lazy\" decoding=\"async\" width=\"32\" height=\"32\" src=\"https:\/\/www.escaut.nl\/wp-content\/uploads\/2023\/01\/Escaut-nlPuffin-transp_web-32.png\" alt=\"\" class=\"wp-image-8\"\/><\/figure>\n<\/div>","protected":false},"excerpt":{"rendered":"<p>BEL DNK DEU ESP EST EUR FIN FRA GBR IRL ISL LTU LVA NLD NOR PRT SWE USA World Europa Eurogoos World International Hydrographic Organization Belgi\u00eb\/Belgique Danmark Danish Geodate Agency DMI Forsvarets Center for Operativ Oceanografi (FCOO) Deutschland Bundesamt f\u00fcr Seeschifffahrt und Hydrographie France SHOM Great Britain &amp; Ireland UK Hydrographic Office Infomar Nederland Dienst [&hellip;]<\/p>\n","protected":false},"author":1,"featured_media":0,"parent":0,"menu_order":0,"comment_status":"closed","ping_status":"closed","template":"","meta":{"ocean_post_layout":"","ocean_both_sidebars_style":"","ocean_both_sidebars_content_width":0,"ocean_both_sidebars_sidebars_width":0,"ocean_sidebar":"0","ocean_second_sidebar":"0","ocean_disable_margins":"enable","ocean_add_body_class":"","ocean_shortcode_before_top_bar":"","ocean_shortcode_after_top_bar":"","ocean_shortcode_before_header":"","ocean_shortcode_after_header":"","ocean_has_shortcode":"","ocean_shortcode_after_title":"","ocean_shortcode_before_footer_widgets":"","ocean_shortcode_after_footer_widgets":"","ocean_shortcode_before_footer_bottom":"","ocean_shortcode_after_footer_bottom":"","ocean_display_top_bar":"default","ocean_display_header":"default","ocean_header_style":"","ocean_center_header_left_menu":"0","ocean_custom_header_template":"0","ocean_custom_logo":0,"ocean_custom_retina_logo":0,"ocean_custom_logo_max_width":0,"ocean_custom_logo_tablet_max_width":0,"ocean_custom_logo_mobile_max_width":0,"ocean_custom_logo_max_height":0,"ocean_custom_logo_tablet_max_height":0,"ocean_custom_logo_mobile_max_height":0,"ocean_header_custom_menu":"0","ocean_menu_typo_font_family":"0","ocean_menu_typo_font_subset":"","ocean_menu_typo_font_size":0,"ocean_menu_typo_font_size_tablet":0,"ocean_menu_typo_font_size_mobile":0,"ocean_menu_typo_font_size_unit":"px","ocean_menu_typo_font_weight":"","ocean_menu_typo_font_weight_tablet":"","ocean_menu_typo_font_weight_mobile":"","ocean_menu_typo_transform":"","ocean_menu_typo_transform_tablet":"","ocean_menu_typo_transform_mobile":"","ocean_menu_typo_line_height":0,"ocean_menu_typo_line_height_tablet":0,"ocean_menu_typo_line_height_mobile":0,"ocean_menu_typo_line_height_unit":"","ocean_menu_typo_spacing":0,"ocean_menu_typo_spacing_tablet":0,"ocean_menu_typo_spacing_mobile":0,"ocean_menu_typo_spacing_unit":"","ocean_menu_link_color":"","ocean_menu_link_color_hover":"","ocean_menu_link_color_active":"","ocean_menu_link_background":"","ocean_menu_link_hover_background":"","ocean_menu_link_active_background":"","ocean_menu_social_links_bg":"","ocean_menu_social_hover_links_bg":"","ocean_menu_social_links_color":"","ocean_menu_social_hover_links_color":"","ocean_disable_title":"default","ocean_disable_heading":"default","ocean_post_title":"","ocean_post_subheading":"","ocean_post_title_style":"","ocean_post_title_background_color":"","ocean_post_title_background":0,"ocean_post_title_bg_image_position":"","ocean_post_title_bg_image_attachment":"","ocean_post_title_bg_image_repeat":"","ocean_post_title_bg_image_size":"","ocean_post_title_height":0,"ocean_post_title_bg_overlay":0.5,"ocean_post_title_bg_overlay_color":"","ocean_disable_breadcrumbs":"default","ocean_breadcrumbs_color":"","ocean_breadcrumbs_separator_color":"","ocean_breadcrumbs_links_color":"","ocean_breadcrumbs_links_hover_color":"","ocean_display_footer_widgets":"default","ocean_display_footer_bottom":"default","ocean_custom_footer_template":"0","footnotes":""},"class_list":["post-48","page","type-page","status-publish","hentry","entry"],"_links":{"self":[{"href":"https:\/\/www.escaut.nl\/index.php\/wp-json\/wp\/v2\/pages\/48","targetHints":{"allow":["GET"]}}],"collection":[{"href":"https:\/\/www.escaut.nl\/index.php\/wp-json\/wp\/v2\/pages"}],"about":[{"href":"https:\/\/www.escaut.nl\/index.php\/wp-json\/wp\/v2\/types\/page"}],"author":[{"embeddable":true,"href":"https:\/\/www.escaut.nl\/index.php\/wp-json\/wp\/v2\/users\/1"}],"replies":[{"embeddable":true,"href":"https:\/\/www.escaut.nl\/index.php\/wp-json\/wp\/v2\/comments?post=48"}],"version-history":[{"count":0,"href":"https:\/\/www.escaut.nl\/index.php\/wp-json\/wp\/v2\/pages\/48\/revisions"}],"wp:attachment":[{"href":"https:\/\/www.escaut.nl\/index.php\/wp-json\/wp\/v2\/media?parent=48"}],"curies":[{"name":"wp","href":"https:\/\/api.w.org\/{rel}","templated":true}]}}